{"id":1601,"date":"2024-03-19T08:40:30","date_gmt":"2024-03-19T07:40:30","guid":{"rendered":"http:\/\/vebz.info\/start\/?page_id=1601"},"modified":"2024-11-04T11:31:56","modified_gmt":"2024-11-04T10:31:56","slug":"bezug-kuendigen","status":"publish","type":"page","link":"http:\/\/vebz.info\/start\/land-leute\/bezug-kuendigen\/","title":{"rendered":"Land &#038; Leute Magazin Bezug k\u00fcndigen"},"content":{"rendered":"<p>[et_pb_section fb_built=&#8220;1&#8243; _builder_version=&#8220;4.16&#8243; global_colors_info=&#8220;{}&#8220;][et_pb_row _builder_version=&#8220;4.16&#8243; background_size=&#8220;initial&#8220; background_position=&#8220;top_left&#8220; background_repeat=&#8220;repeat&#8220; global_colors_info=&#8220;{}&#8220;][et_pb_column type=&#8220;4_4&#8243; _builder_version=&#8220;4.16&#8243; custom_padding=&#8220;|||&#8220; global_colors_info=&#8220;{}&#8220; custom_padding__hover=&#8220;|||&#8220;][et_pb_text _builder_version=&#8220;4.19.5&#8243; background_size=&#8220;initial&#8220; background_position=&#8220;top_left&#8220; background_repeat=&#8220;repeat&#8220; global_colors_info=&#8220;{}&#8220;]<\/p>\n<h3>Bezug von Land&amp;Leute k\u00fcndigen<\/h3>\n<p>Sie m\u00f6chten unser Land&amp;Leute-Magazin nicht mehr erhalten? Sie k\u00f6nnen den Bezug problemlos k\u00fcndigen. Bitte wenden Sie sich dazu an das Sekretariat des Vereins oder nutzen Sie unser nachfolgendes Online-Abmeldeformular.<\/p>\n<p><strong>Kontakt Sekretariat: Marion V\u00f6llenklee<\/strong><br \/><strong>Telefon: 09854 10-16 || E-Mail: info@vebz-info.de<\/strong><\/p>\n<p>[\/et_pb_text][et_pb_text _builder_version=&#8220;4.19.5&#8243; _module_preset=&#8220;default&#8220; global_colors_info=&#8220;{}&#8220;]<\/p>\n<h3>Online-Abmeldeformular aus dem Verteiler<\/h3>\n<p>Bitte geben Sie f\u00fcr die Abmeldung bitte genau die Adressdaten ein, die f\u00fcr die Zustellung des Land&amp;Leute-Magazins verwendet wurden. Eine Zuordnung Ihrer Daten wird so erleichtert. Ihre Daten k\u00f6nnen so einfacher aus dem Verteiler entfernt werden.<\/p>\n<p>[\/et_pb_text][et_pb_contact_form title=&#8220;Nachricht gesendet&#8220; success_message=&#8220;Ihre Nachricht wurde an unser Team \u00fcbermittelt. Wir werden Ihre Adresse umgehend aus dem Verteiler l\u00f6schen. &#8220; submit_button_text=&#8220;senden&#8220; _builder_version=&#8220;4.19.5&#8243; _module_preset=&#8220;default&#8220; _unique_id=&#8220;8a7d7463-6bad-41fe-be3e-831e07577c03&#8243; hover_enabled=&#8220;0&#8243; global_colors_info=&#8220;{}&#8220; email=&#8220;sekretariat@vebz.info&#8220; sticky_enabled=&#8220;0&#8243;][et_pb_contact_field field_id=&#8220;Vorname&#8220; field_title=&#8220;Vorname (Pflichtfeld)&#8220; _builder_version=&#8220;4.19.5&#8243; global_colors_info=&#8220;{}&#8220; button_text_size__hover_enabled=&#8220;off&#8220; button_one_text_size__hover_enabled=&#8220;off&#8220; button_two_text_size__hover_enabled=&#8220;off&#8220; button_text_color__hover_enabled=&#8220;off&#8220; button_one_text_color__hover_enabled=&#8220;off&#8220; button_two_text_color__hover_enabled=&#8220;off&#8220; button_border_width__hover_enabled=&#8220;off&#8220; button_one_border_width__hover_enabled=&#8220;off&#8220; button_two_border_width__hover_enabled=&#8220;off&#8220; button_border_color__hover_enabled=&#8220;off&#8220; button_one_border_color__hover_enabled=&#8220;off&#8220; button_two_border_color__hover_enabled=&#8220;off&#8220; button_border_radius__hover_enabled=&#8220;off&#8220; button_one_border_radius__hover_enabled=&#8220;off&#8220; button_two_border_radius__hover_enabled=&#8220;off&#8220; button_letter_spacing__hover_enabled=&#8220;off&#8220; button_one_letter_spacing__hover_enabled=&#8220;off&#8220; button_two_letter_spacing__hover_enabled=&#8220;off&#8220; button_bg_color__hover_enabled=&#8220;off&#8220; button_one_bg_color__hover_enabled=&#8220;off&#8220; button_two_bg_color__hover_enabled=&#8220;off&#8220;][\/et_pb_contact_field][et_pb_contact_field field_id=&#8220;Nachname&#8220; field_title=&#8220;Nachname (Pflichtfeld)&#8220; _builder_version=&#8220;4.19.5&#8243; _module_preset=&#8220;default&#8220; global_colors_info=&#8220;{}&#8220;][\/et_pb_contact_field][et_pb_contact_field field_id=&#8220;Email&#8220; field_title=&#8220;E-Mail-Adresse&#8220; field_type=&#8220;email&#8220; fullwidth_field=&#8220;on&#8220; _builder_version=&#8220;4.19.5&#8243; global_colors_info=&#8220;{}&#8220; button_text_size__hover_enabled=&#8220;off&#8220; button_one_text_size__hover_enabled=&#8220;off&#8220; button_two_text_size__hover_enabled=&#8220;off&#8220; button_text_color__hover_enabled=&#8220;off&#8220; button_one_text_color__hover_enabled=&#8220;off&#8220; button_two_text_color__hover_enabled=&#8220;off&#8220; button_border_width__hover_enabled=&#8220;off&#8220; button_one_border_width__hover_enabled=&#8220;off&#8220; button_two_border_width__hover_enabled=&#8220;off&#8220; button_border_color__hover_enabled=&#8220;off&#8220; button_one_border_color__hover_enabled=&#8220;off&#8220; button_two_border_color__hover_enabled=&#8220;off&#8220; button_border_radius__hover_enabled=&#8220;off&#8220; button_one_border_radius__hover_enabled=&#8220;off&#8220; button_two_border_radius__hover_enabled=&#8220;off&#8220; button_letter_spacing__hover_enabled=&#8220;off&#8220; button_one_letter_spacing__hover_enabled=&#8220;off&#8220; button_two_letter_spacing__hover_enabled=&#8220;off&#8220; button_bg_color__hover_enabled=&#8220;off&#8220; button_one_bg_color__hover_enabled=&#8220;off&#8220; button_two_bg_color__hover_enabled=&#8220;off&#8220;][\/et_pb_contact_field][et_pb_contact_field field_id=&#8220;Strasse&#8220; field_title=&#8220;Stra\u00dfe (Pflichtfeld)&#8220; _builder_version=&#8220;4.19.5&#8243; _module_preset=&#8220;default&#8220; global_colors_info=&#8220;{}&#8220;][\/et_pb_contact_field][et_pb_contact_field field_id=&#8220;Hsnr&#8220; field_title=&#8220;Hausnummer (Pflichtfeld)&#8220; _builder_version=&#8220;4.19.5&#8243; _module_preset=&#8220;default&#8220; global_colors_info=&#8220;{}&#8220;][\/et_pb_contact_field][et_pb_contact_field field_id=&#8220;PLZ&#8220; field_title=&#8220;Postleitzahl (Pflichtfeld)&#8220; _builder_version=&#8220;4.19.5&#8243; _module_preset=&#8220;default&#8220; global_colors_info=&#8220;{}&#8220;][\/et_pb_contact_field][et_pb_contact_field field_id=&#8220;Ort&#8220; field_title=&#8220;Ort (Pflichtfeld)&#8220; _builder_version=&#8220;4.19.5&#8243; _module_preset=&#8220;default&#8220; global_colors_info=&#8220;{}&#8220;][\/et_pb_contact_field][et_pb_contact_field field_id=&#8220;Kommentar&#8220; field_title=&#8220;Kommentar (Freiwillige Eingabe)&#8220; field_type=&#8220;text&#8220; required_mark=&#8220;off&#8220; fullwidth_field=&#8220;on&#8220; _builder_version=&#8220;4.19.5&#8243; _module_preset=&#8220;default&#8220; global_colors_info=&#8220;{}&#8220;][\/et_pb_contact_field][et_pb_contact_field field_id=&#8220;Field_8&#8243; field_title=&#8220;Abmeldung (Pflichtfeld)&#8220; field_type=&#8220;checkbox&#8220; checkbox_options=&#8220;%91{%22value%22:%22Ich m\u00f6chte mit der angegebenen Adresse aus dem Postverteiler des %92%22Land&#038;Leute%92%22-Magazins entfernt werden. %22,%22checked%22:0,%22dragID%22:-1}%93&#8243; fullwidth_field=&#8220;on&#8220; _builder_version=&#8220;4.19.5&#8243; _module_preset=&#8220;default&#8220; global_colors_info=&#8220;{}&#8220;][\/et_pb_contact_field][\/et_pb_contact_form][\/et_pb_column][\/et_pb_row][\/et_pb_section]<\/p>\n","protected":false},"excerpt":{"rendered":"<p>Bezug von Land&amp;Leute k\u00fcndigen Sie m\u00f6chten unser Land&amp;Leute-Magazin nicht mehr erhalten? Sie k\u00f6nnen den Bezug problemlos k\u00fcndigen. Bitte wenden Sie sich dazu an das Sekretariat des Vereins oder nutzen Sie unser nachfolgendes Online-Abmeldeformular. Kontakt Sekretariat: Marion V\u00f6llenkleeTelefon: 09854 10-16 || E-Mail: info@vebz-info.deOnline-Abmeldeformular aus dem Verteiler Bitte geben Sie f\u00fcr die Abmeldung bitte genau die Adressdaten [&hellip;]<\/p>\n","protected":false},"author":24783,"featured_media":0,"parent":971,"menu_order":0,"comment_status":"closed","ping_status":"closed","template":"","meta":{"_et_pb_use_builder":"on","_et_pb_old_content":"","_et_gb_content_width":"","footnotes":""},"class_list":["post-1601","page","type-page","status-publish","hentry"],"yoast_head":"<!-- This site is optimized with the Yoast SEO plugin v26.8 - https:\/\/yoast.com\/product\/yoast-seo-wordpress\/ -->\n<title>Land &amp; Leute Magazin Bezug k\u00fcndigen - vebz.info<\/title>\n<meta name=\"robots\" content=\"index, follow, max-snippet:-1, max-image-preview:large, max-video-preview:-1\" \/>\n<link rel=\"canonical\" href=\"http:\/\/vebz.info\/start\/land-leute\/bezug-kuendigen\/\" \/>\n<meta property=\"og:locale\" content=\"de_DE\" \/>\n<meta property=\"og:type\" content=\"article\" \/>\n<meta property=\"og:title\" content=\"Land &amp; Leute Magazin Bezug k\u00fcndigen - vebz.info\" \/>\n<meta property=\"og:description\" content=\"Bezug von Land&amp;Leute k\u00fcndigen Sie m\u00f6chten unser Land&amp;Leute-Magazin nicht mehr erhalten? Sie k\u00f6nnen den Bezug problemlos k\u00fcndigen. Bitte wenden Sie sich dazu an das Sekretariat des Vereins oder nutzen Sie unser nachfolgendes Online-Abmeldeformular. Kontakt Sekretariat: Marion V\u00f6llenkleeTelefon: 09854 10-16 || E-Mail: info@vebz-info.deOnline-Abmeldeformular aus dem Verteiler Bitte geben Sie f\u00fcr die Abmeldung bitte genau die Adressdaten [&hellip;]\" \/>\n<meta property=\"og:url\" content=\"http:\/\/vebz.info\/start\/land-leute\/bezug-kuendigen\/\" \/>\n<meta property=\"og:site_name\" content=\"vebz.info\" \/>\n<meta property=\"article:modified_time\" content=\"2024-11-04T10:31:56+00:00\" \/>\n<meta name=\"twitter:card\" content=\"summary_large_image\" \/>\n<meta name=\"twitter:label1\" content=\"Gesch\u00e4tzte Lesezeit\" \/>\n\t<meta name=\"twitter:data1\" content=\"4\u00a0Minuten\" \/>\n<script type=\"application\/ld+json\" class=\"yoast-schema-graph\">{\"@context\":\"https:\/\/schema.org\",\"@graph\":[{\"@type\":\"WebPage\",\"@id\":\"http:\/\/vebz.info\/start\/land-leute\/bezug-kuendigen\/\",\"url\":\"http:\/\/vebz.info\/start\/land-leute\/bezug-kuendigen\/\",\"name\":\"Land & Leute Magazin Bezug k\u00fcndigen - vebz.info\",\"isPartOf\":{\"@id\":\"http:\/\/vebz.info\/start\/#website\"},\"datePublished\":\"2024-03-19T07:40:30+00:00\",\"dateModified\":\"2024-11-04T10:31:56+00:00\",\"breadcrumb\":{\"@id\":\"http:\/\/vebz.info\/start\/land-leute\/bezug-kuendigen\/#breadcrumb\"},\"inLanguage\":\"de\",\"potentialAction\":[{\"@type\":\"ReadAction\",\"target\":[\"http:\/\/vebz.info\/start\/land-leute\/bezug-kuendigen\/\"]}]},{\"@type\":\"BreadcrumbList\",\"@id\":\"http:\/\/vebz.info\/start\/land-leute\/bezug-kuendigen\/#breadcrumb\",\"itemListElement\":[{\"@type\":\"ListItem\",\"position\":1,\"name\":\"Startseite\",\"item\":\"http:\/\/vebz.info\/start\/\"},{\"@type\":\"ListItem\",\"position\":2,\"name\":\"Land &#038; Leute Magazin\",\"item\":\"http:\/\/vebz.info\/start\/land-leute\/\"},{\"@type\":\"ListItem\",\"position\":3,\"name\":\"Land &#038; Leute Magazin Bezug k\u00fcndigen\"}]},{\"@type\":\"WebSite\",\"@id\":\"http:\/\/vebz.info\/start\/#website\",\"url\":\"http:\/\/vebz.info\/start\/\",\"name\":\"vebz.info\",\"description\":\"Verein der Evangelischen Bildungszentren im l\u00e4ndlichen Raum e.V.\",\"publisher\":{\"@id\":\"http:\/\/vebz.info\/start\/#organization\"},\"potentialAction\":[{\"@type\":\"SearchAction\",\"target\":{\"@type\":\"EntryPoint\",\"urlTemplate\":\"http:\/\/vebz.info\/start\/?s={search_term_string}\"},\"query-input\":{\"@type\":\"PropertyValueSpecification\",\"valueRequired\":true,\"valueName\":\"search_term_string\"}}],\"inLanguage\":\"de\"},{\"@type\":\"Organization\",\"@id\":\"http:\/\/vebz.info\/start\/#organization\",\"name\":\"Verein der evangelischen Bildungszentren im l\u00e4ndlichen Raum in Bayern e.V.\",\"url\":\"http:\/\/vebz.info\/start\/\",\"logo\":{\"@type\":\"ImageObject\",\"inLanguage\":\"de\",\"@id\":\"http:\/\/vebz.info\/start\/#\/schema\/logo\/image\/\",\"url\":\"http:\/\/vebz.info\/wp-content\/uploads\/2018\/07\/Logo_kleiner-1-2-Kopieg.jpg\",\"contentUrl\":\"http:\/\/vebz.info\/wp-content\/uploads\/2018\/07\/Logo_kleiner-1-2-Kopieg.jpg\",\"width\":380,\"height\":82,\"caption\":\"Verein der evangelischen Bildungszentren im l\u00e4ndlichen Raum in Bayern e.V.\"},\"image\":{\"@id\":\"http:\/\/vebz.info\/start\/#\/schema\/logo\/image\/\"}}]}<\/script>\n<!-- \/ Yoast SEO plugin. -->","yoast_head_json":{"title":"Land & Leute Magazin Bezug k\u00fcndigen - vebz.info","robots":{"index":"index","follow":"follow","max-snippet":"max-snippet:-1","max-image-preview":"max-image-preview:large","max-video-preview":"max-video-preview:-1"},"canonical":"http:\/\/vebz.info\/start\/land-leute\/bezug-kuendigen\/","og_locale":"de_DE","og_type":"article","og_title":"Land & Leute Magazin Bezug k\u00fcndigen - vebz.info","og_description":"Bezug von Land&amp;Leute k\u00fcndigen Sie m\u00f6chten unser Land&amp;Leute-Magazin nicht mehr erhalten? Sie k\u00f6nnen den Bezug problemlos k\u00fcndigen. Bitte wenden Sie sich dazu an das Sekretariat des Vereins oder nutzen Sie unser nachfolgendes Online-Abmeldeformular. Kontakt Sekretariat: Marion V\u00f6llenkleeTelefon: 09854 10-16 || E-Mail: info@vebz-info.deOnline-Abmeldeformular aus dem Verteiler Bitte geben Sie f\u00fcr die Abmeldung bitte genau die Adressdaten [&hellip;]","og_url":"http:\/\/vebz.info\/start\/land-leute\/bezug-kuendigen\/","og_site_name":"vebz.info","article_modified_time":"2024-11-04T10:31:56+00:00","twitter_card":"summary_large_image","twitter_misc":{"Gesch\u00e4tzte Lesezeit":"4\u00a0Minuten"},"schema":{"@context":"https:\/\/schema.org","@graph":[{"@type":"WebPage","@id":"http:\/\/vebz.info\/start\/land-leute\/bezug-kuendigen\/","url":"http:\/\/vebz.info\/start\/land-leute\/bezug-kuendigen\/","name":"Land & Leute Magazin Bezug k\u00fcndigen - vebz.info","isPartOf":{"@id":"http:\/\/vebz.info\/start\/#website"},"datePublished":"2024-03-19T07:40:30+00:00","dateModified":"2024-11-04T10:31:56+00:00","breadcrumb":{"@id":"http:\/\/vebz.info\/start\/land-leute\/bezug-kuendigen\/#breadcrumb"},"inLanguage":"de","potentialAction":[{"@type":"ReadAction","target":["http:\/\/vebz.info\/start\/land-leute\/bezug-kuendigen\/"]}]},{"@type":"BreadcrumbList","@id":"http:\/\/vebz.info\/start\/land-leute\/bezug-kuendigen\/#breadcrumb","itemListElement":[{"@type":"ListItem","position":1,"name":"Startseite","item":"http:\/\/vebz.info\/start\/"},{"@type":"ListItem","position":2,"name":"Land &#038; Leute Magazin","item":"http:\/\/vebz.info\/start\/land-leute\/"},{"@type":"ListItem","position":3,"name":"Land &#038; Leute Magazin Bezug k\u00fcndigen"}]},{"@type":"WebSite","@id":"http:\/\/vebz.info\/start\/#website","url":"http:\/\/vebz.info\/start\/","name":"vebz.info","description":"Verein der Evangelischen Bildungszentren im l\u00e4ndlichen Raum e.V.","publisher":{"@id":"http:\/\/vebz.info\/start\/#organization"},"potentialAction":[{"@type":"SearchAction","target":{"@type":"EntryPoint","urlTemplate":"http:\/\/vebz.info\/start\/?s={search_term_string}"},"query-input":{"@type":"PropertyValueSpecification","valueRequired":true,"valueName":"search_term_string"}}],"inLanguage":"de"},{"@type":"Organization","@id":"http:\/\/vebz.info\/start\/#organization","name":"Verein der evangelischen Bildungszentren im l\u00e4ndlichen Raum in Bayern e.V.","url":"http:\/\/vebz.info\/start\/","logo":{"@type":"ImageObject","inLanguage":"de","@id":"http:\/\/vebz.info\/start\/#\/schema\/logo\/image\/","url":"http:\/\/vebz.info\/wp-content\/uploads\/2018\/07\/Logo_kleiner-1-2-Kopieg.jpg","contentUrl":"http:\/\/vebz.info\/wp-content\/uploads\/2018\/07\/Logo_kleiner-1-2-Kopieg.jpg","width":380,"height":82,"caption":"Verein der evangelischen Bildungszentren im l\u00e4ndlichen Raum in Bayern e.V."},"image":{"@id":"http:\/\/vebz.info\/start\/#\/schema\/logo\/image\/"}}]}},"_links":{"self":[{"href":"http:\/\/vebz.info\/start\/wp-json\/wp\/v2\/pages\/1601","targetHints":{"allow":["GET"]}}],"collection":[{"href":"http:\/\/vebz.info\/start\/wp-json\/wp\/v2\/pages"}],"about":[{"href":"http:\/\/vebz.info\/start\/wp-json\/wp\/v2\/types\/page"}],"author":[{"embeddable":true,"href":"http:\/\/vebz.info\/start\/wp-json\/wp\/v2\/users\/24783"}],"replies":[{"embeddable":true,"href":"http:\/\/vebz.info\/start\/wp-json\/wp\/v2\/comments?post=1601"}],"version-history":[{"count":9,"href":"http:\/\/vebz.info\/start\/wp-json\/wp\/v2\/pages\/1601\/revisions"}],"predecessor-version":[{"id":1662,"href":"http:\/\/vebz.info\/start\/wp-json\/wp\/v2\/pages\/1601\/revisions\/1662"}],"up":[{"embeddable":true,"href":"http:\/\/vebz.info\/start\/wp-json\/wp\/v2\/pages\/971"}],"wp:attachment":[{"href":"http:\/\/vebz.info\/start\/wp-json\/wp\/v2\/media?parent=1601"}],"curies":[{"name":"wp","href":"https:\/\/api.w.org\/{rel}","templated":true}]}}