{"id":980,"date":"2018-09-26T17:49:24","date_gmt":"2018-09-26T15:49:24","guid":{"rendered":"http:\/\/vebz.info\/?page_id=980"},"modified":"2024-03-19T08:14:21","modified_gmt":"2024-03-19T07:14:21","slug":"verein","status":"publish","type":"page","link":"http:\/\/vebz.info\/start\/","title":{"rendered":"Verein"},"content":{"rendered":"<p>[et_pb_section fb_built=&#8220;1&#8243; _builder_version=&#8220;4.16&#8243; global_colors_info=&#8220;{}&#8220;][et_pb_row _builder_version=&#8220;4.16&#8243; background_size=&#8220;initial&#8220; background_position=&#8220;top_left&#8220; background_repeat=&#8220;repeat&#8220; global_colors_info=&#8220;{}&#8220;][et_pb_column type=&#8220;4_4&#8243; _builder_version=&#8220;4.16&#8243; custom_padding=&#8220;|||&#8220; global_colors_info=&#8220;{}&#8220; custom_padding__hover=&#8220;|||&#8220;][et_pb_text _builder_version=&#8220;4.19.5&#8243; background_size=&#8220;initial&#8220; background_position=&#8220;top_left&#8220; background_repeat=&#8220;repeat&#8220; global_colors_info=&#8220;{}&#8220;]<\/p>\n<h1 style=\"text-align: left;\">Verein der Evangelischen Bildungszentren im l\u00e4ndlichen Raum e.V.<\/h1>\n<p>[\/et_pb_text][\/et_pb_column][\/et_pb_row][et_pb_row column_structure=&#8220;1_2,1_2&#8243; _builder_version=&#8220;4.19.5&#8243; _module_preset=&#8220;default&#8220; global_colors_info=&#8220;{}&#8220;][et_pb_column type=&#8220;1_2&#8243; _builder_version=&#8220;4.19.5&#8243; _module_preset=&#8220;default&#8220; global_colors_info=&#8220;{}&#8220;][et_pb_text _builder_version=&#8220;4.19.5&#8243; background_size=&#8220;initial&#8220; background_position=&#8220;top_left&#8220; background_repeat=&#8220;repeat&#8220; global_colors_info=&#8220;{}&#8220;]<\/p>\n<h2 style=\"text-align: left;\">Das sind wir &#8230;<\/h2>\n<ul>\n<li>Ziel der Arbeit des \u201eVerein der Evangelischen Bildungszentren im l\u00e4ndlichen Raum in Bayern e.V.\u201c (i.F.: VdEBZ) ist die Begleitung l\u00e4ndlicher R\u00e4ume in Bayern in den Bereichen Erwachsenenbildung, Diakonie und Jugendarbeit aus evangelischer Perspektive.<\/li>\n<\/ul>\n<ul>\n<li>Unser Bildungsansatz hat seine Wurzeln in der Heimvolkshochschulp\u00e4dagogik des d\u00e4nischen Bildungsreformers N.F.S. Grundtvig. Von ihm stammt u.a. die Idee der Verbindung von &#8222;Leben und Lernen unter einem Dach&#8220;.<\/li>\n<\/ul>\n<ul>\n<li>Der Verein ist Tr\u00e4ger der Evangelischen Bildungszentren Hesselberg und Pappenheim, der Evangelischen Landjugend in Bayern, auf den l\u00e4ndlichen Raum bezogenener Diakonischer Dienste sowie weiterer Einrichtungen (s. u.).<\/li>\n<\/ul>\n<ul>\n<li>Die zwei Leitungspersonen der Bildungszentren sind jeweils gegenseitig vertretungsberechtigte Vorst\u00e4nde des Vereins. Die Arbeit des Vorstands wird durch einen Verwaltungsrat begleitet und kontrolliert.<\/li>\n<\/ul>\n<ul>\n<li>Die Arbeit des VdEBZ ist neben Eigenmitteln aus dem Zweckbetrieb wesentlich durch Mittel der Evangelisch lutherischen Kirche in Bayern (ELKB) erm\u00f6glicht, hinzu kommen weitere projektbezogene Mittel von unterschiedlichen Zuschussgebern, darunter der Freistaat Bayern, die Bundesrepublik Deutschland und die Europ\u00e4ische Union.<\/li>\n<li>Neben dem eigenen Bildungsangebot sind die EBZ wichtige Tagungsst\u00e4tten in ihrer jeweiligen Region mit Beherbergungsm\u00f6glichkeiten auch f\u00fcr gr\u00f6\u00dfere Gruppen.<\/li>\n<\/ul>\n<p>[\/et_pb_text][\/et_pb_column][et_pb_column type=&#8220;1_2&#8243; _builder_version=&#8220;4.19.5&#8243; _module_preset=&#8220;default&#8220; global_colors_info=&#8220;{}&#8220;][et_pb_text _builder_version=&#8220;4.19.5&#8243; _module_preset=&#8220;default&#8220; global_colors_info=&#8220;{}&#8220;]<\/p>\n<h1>Unser Auftrag<\/h1>\n<ul>\n<li>Wir sind der Verein der Evangelischen Bildungszentren im l\u00e4ndlichen Ram in Bayern e.V..<\/li>\n<\/ul>\n<ul>\n<li>Wir betreiben im Sinne und Auftrag der Evang.-Luth. Kirche in Bayern Bildungsarbeit, Diakonie und Jugendarbeit auf dem Hesselberg und in Pappenheim. Unsere H\u00e4user tun dies gemeinsam mit je unterschiedlichen Schwerpunkten.<\/li>\n<\/ul>\n<ul>\n<li>Wir sind evangelisch. Das bedeutet f\u00fcr uns: Wir nehmen im Geist des Evangeliums Freiheit in Verantwortung wahr. Gottesdienst und Alltag geh\u00f6ren f\u00fcr uns zusammen. Wir nehmen Menschen ohne Vorbedingung an und begegnen einander auf Augenh\u00f6he.<\/li>\n<\/ul>\n<ul>\n<li>Wir leben eine ganzheitliche, partizipative und alltagsbezogene Bildungspraxis. Damit stehen wir in der Bildungstradition der Heimvolkshochschulen Grundtvig\u2019scher Pr\u00e4gung, \u201eLeben und Lernen unter einem Dach\u201c.<\/li>\n<\/ul>\n<ul>\n<li>Wir leben und arbeiten im l\u00e4ndlichen Raum. Die besonderen Herausforderungen der dort lebenden Menschen liegen uns am Herzen. Ansto\u00df und Begleitung pers\u00f6nlicher sowie gesellschaftlicher Entwicklungsprozesse sind wichtige Ziele unserer Arbeit.<\/li>\n<\/ul>\n<ul>\n<li>Wir sind gerne Gastgeber und bieten in unseren H\u00e4usern Menschen aus Stadt und Land, Kirche und Gesellschaft Raum f\u00fcr Bildung und Begegnung.<\/li>\n<\/ul>\n<p>[\/et_pb_text][\/et_pb_column][\/et_pb_row][et_pb_row column_structure=&#8220;1_2,1_2&#8243; _builder_version=&#8220;4.19.5&#8243; _module_preset=&#8220;default&#8220; global_colors_info=&#8220;{}&#8220;][et_pb_column type=&#8220;1_2&#8243; _builder_version=&#8220;4.19.5&#8243; _module_preset=&#8220;default&#8220; global_colors_info=&#8220;{}&#8220;][et_pb_text _builder_version=&#8220;4.19.5&#8243; _module_preset=&#8220;default&#8220; global_colors_info=&#8220;{}&#8220;]<\/p>\n<h3>Unser Tagungshaus: EBZ Hesselberg<\/h3>\n<p>[\/et_pb_text][et_pb_image src=&#8220;http:\/\/vebz.info\/wp-content\/uploads\/2018\/10\/2018-01-18-21.07.40-1-1024&#215;603.jpg&#8220; title_text=&#8220;EBZ Hesselberg&#8220; _builder_version=&#8220;4.19.5&#8243; _module_preset=&#8220;default&#8220; global_colors_info=&#8220;{}&#8220;][\/et_pb_image][et_pb_text _builder_version=&#8220;4.19.5&#8243; _module_preset=&#8220;default&#8220; hover_enabled=&#8220;0&#8243; global_colors_info=&#8220;{}&#8220; sticky_enabled=&#8220;0&#8243;]<\/p>\n<ul>\n<li>Am S\u00fcdhang des Hesselbergs, mit 689 m \u00fc. NN Mittefrankens h\u00f6chstem Berg, bietet das EBZ Hesselberg in 90 Einzelzimmern mit Dusche\/WC sowie 15 Tagungs- und Seminarr\u00e4umen optimale Bedingungen auch f\u00fcr gr\u00f6\u00dfere Gruppen. Im Jugendhaus am Gipfel des Berges stehen mit 35 Betten, verteilt auf 7 Zimmer, weitere M\u00f6glichkeiten f\u00fcr die Arbeit mit Jugendlichen zur Verf\u00fcgung. Insgesamt k\u00f6nnen so bis zu 200 Personen am EBZ Hesselberg untergebracht werden.<\/li>\n<\/ul>\n<ul>\n<li>Schwerpunkte der Bildungsarbeit des Hauses liegen in den Bereichen \u201eGlauben\u201c, \u201eLeben im l\u00e4ndlichen Raum\u201c sowie \u201ePers\u00f6nlichkeitsbildung\u201c. So kann man etwa Musik und meditativen Tanz erleben, Lebensfreude in Begegnung und Gemeinschaft sp\u00fcren, die eigene Kreativit\u00e4t f\u00f6rdern und K\u00f6rper und Seele st\u00e4rken \u2013 auch in Stille und Gebet.<\/li>\n<\/ul>\n<ul>\n<li>Angesiedelt auf dem Hesselberg ist die \u201eEvangelische Fachstelle f\u00fcr L\u00e4ndliche R\u00e4ume\u201c. Besonderer Schwerpunkt dieser Arbeit ist es, die Themen der l\u00e4ndlichen R\u00e4ume und der Landwirtschaft mit Fragestellungen und Ans\u00e4tzen der Kirche ins Gespr\u00e4ch zu bringen.<\/li>\n<\/ul>\n<ul>\n<li>Ebenfalls im Hause lokalisiert ist die \u201eLandwirtschaftliche Familienberatung der Evang.-Luth. Kirche\u201c in Bayern, Sie bietet Hilfe bei famili\u00e4ren oder betrieblichen Problemen.<\/li>\n<\/ul>\n<ul>\n<li>Am EBZ Hesselberg beheimatet sind auf den l\u00e4ndlichen Raum zugeschnittene diakonischer Dienste, wie dem \u201eEv. Dorfhelferinnendienst\u201c, de, \u201eEv. Betriebshelferdienst\u201c und dem \u201eEv. Familienpflegedienst\u201c. Alle bieten Unterst\u00fctzung f\u00fcr Familien und Familienbetriebe in Notsituationen an.<\/li>\n<\/ul>\n<p>[\/et_pb_text][\/et_pb_column][et_pb_column type=&#8220;1_2&#8243; _builder_version=&#8220;4.19.5&#8243; _module_preset=&#8220;default&#8220; global_colors_info=&#8220;{}&#8220;][et_pb_text _builder_version=&#8220;4.19.5&#8243; _module_preset=&#8220;default&#8220; global_colors_info=&#8220;{}&#8220;]<\/p>\n<h3>Unser Tagungshaus: EBZ Pappenheim<\/h3>\n<p>[\/et_pb_text][et_pb_image src=&#8220;http:\/\/vebz.info\/wp-content\/uploads\/2018\/10\/ebz-pappenheim-taekwondo-lehrgang-2.jpg&#8220; alt=&#8220;EBZ-Pappenheim&#8220; title_text=&#8220;EBZ-Pappenheim&#8220; _builder_version=&#8220;4.19.5&#8243; _module_preset=&#8220;default&#8220; global_colors_info=&#8220;{}&#8220;][\/et_pb_image][et_pb_text _builder_version=&#8220;4.19.5&#8243; _module_preset=&#8220;default&#8220; global_colors_info=&#8220;{}&#8220;]<\/p>\n<ul>\n<li>Das Evangelische Bildungs- und Tagungszentrum Pappenheim liegt mitten im Herzen des Naturpark Altm\u00fchltal und bietet Platz f\u00fcr 170 G\u00e4ste. In zweiundzwanzig Tagungsr\u00e4umen finden G\u00e4ste optimale Voraussetzungen f\u00fcr Ihre Tagung.<\/li>\n<\/ul>\n<ul>\n<li>Das EBZ versteht sich als christliches Haus der Bildung und Begegnung im l\u00e4ndlichen Raum f\u00fcr Menschen jeden Alters.<\/li>\n<\/ul>\n<ul>\n<li>Sein Bildungsansatz orientiert sich insbesondere an folgenden Maximen: \u00a0Unterst\u00fctzung und Kooperation, Qualifizierte Bildungsangebote, Hilfestellung und Orientierung.<\/li>\n<\/ul>\n<ul>\n<li>Besondere Schwerpunkte der Bildungseinrichtung liegen im Bereich der Erlebnisp\u00e4dagogik sowie der Arbeit mit und f\u00fcr Senioren.<\/li>\n<\/ul>\n<ul>\n<li>Das EBZ Pappenheim ist die Heimat der Evangelischen Landjugend (ELJ)<\/li>\n<\/ul>\n<ul>\n<li>Das EBZ Pappenheim ist das Dach weiterer Einrichtungen, wie der Jugendwerkstatt Langenaltheim (gGmbH) und dem Waldklettergarten Pappenheim<\/li>\n<\/ul>\n<p>[\/et_pb_text][\/et_pb_column][\/et_pb_row][et_pb_row column_structure=&#8220;1_2,1_2&#8243; _builder_version=&#8220;4.19.5&#8243; _module_preset=&#8220;default&#8220; global_colors_info=&#8220;{}&#8220;][et_pb_column type=&#8220;1_2&#8243; _builder_version=&#8220;4.19.5&#8243; _module_preset=&#8220;default&#8220; global_colors_info=&#8220;{}&#8220;][\/et_pb_column][et_pb_column type=&#8220;1_2&#8243; _builder_version=&#8220;4.19.5&#8243; _module_preset=&#8220;default&#8220; global_colors_info=&#8220;{}&#8220;][\/et_pb_column][\/et_pb_row][\/et_pb_section]<\/p>\n","protected":false},"excerpt":{"rendered":"<p>Verein der Evangelischen Bildungszentren im l\u00e4ndlichen Raum e.V.Das sind wir &#8230; Ziel der Arbeit des \u201eVerein der Evangelischen Bildungszentren im l\u00e4ndlichen Raum in Bayern e.V.\u201c (i.F.: VdEBZ) ist die Begleitung l\u00e4ndlicher R\u00e4ume in Bayern in den Bereichen Erwachsenenbildung, Diakonie und Jugendarbeit aus evangelischer Perspektive. Unser Bildungsansatz hat seine Wurzeln in der Heimvolkshochschulp\u00e4dagogik des d\u00e4nischen Bildungsreformers [&hellip;]<\/p>\n","protected":false},"author":24783,"featured_media":0,"parent":0,"menu_order":6,"comment_status":"closed","ping_status":"closed","template":"","meta":{"_et_pb_use_builder":"on","_et_pb_old_content":"<p>\u00a0<\/p><p>\u00a0<\/p><p>\u00a0<\/p>","_et_gb_content_width":"","footnotes":""},"class_list":["post-980","page","type-page","status-publish","hentry"],"yoast_head":"<!-- This site is optimized with the Yoast SEO plugin v26.8 - https:\/\/yoast.com\/product\/yoast-seo-wordpress\/ -->\n<title>Verein - vebz.info<\/title>\n<meta name=\"robots\" content=\"index, follow, max-snippet:-1, max-image-preview:large, max-video-preview:-1\" \/>\n<link rel=\"canonical\" href=\"http:\/\/vebz.info\/start\/\" \/>\n<meta property=\"og:locale\" content=\"de_DE\" \/>\n<meta property=\"og:type\" content=\"article\" \/>\n<meta property=\"og:title\" content=\"Verein - vebz.info\" \/>\n<meta property=\"og:description\" content=\"Verein der Evangelischen Bildungszentren im l\u00e4ndlichen Raum e.V.Das sind wir ... Ziel der Arbeit des \u201eVerein der Evangelischen Bildungszentren im l\u00e4ndlichen Raum in Bayern e.V.\u201c (i.F.: VdEBZ) ist die Begleitung l\u00e4ndlicher R\u00e4ume in Bayern in den Bereichen Erwachsenenbildung, Diakonie und Jugendarbeit aus evangelischer Perspektive. Unser Bildungsansatz hat seine Wurzeln in der Heimvolkshochschulp\u00e4dagogik des d\u00e4nischen Bildungsreformers [&hellip;]\" \/>\n<meta property=\"og:url\" content=\"http:\/\/vebz.info\/start\/\" \/>\n<meta property=\"og:site_name\" content=\"vebz.info\" \/>\n<meta property=\"article:modified_time\" content=\"2024-03-19T07:14:21+00:00\" \/>\n<meta name=\"twitter:card\" content=\"summary_large_image\" \/>\n<meta name=\"twitter:label1\" content=\"Gesch\u00e4tzte Lesezeit\" \/>\n\t<meta name=\"twitter:data1\" content=\"5\u00a0Minuten\" \/>\n<script type=\"application\/ld+json\" class=\"yoast-schema-graph\">{\"@context\":\"https:\/\/schema.org\",\"@graph\":[{\"@type\":\"WebPage\",\"@id\":\"http:\/\/vebz.info\/start\/\",\"url\":\"http:\/\/vebz.info\/start\/\",\"name\":\"Verein - vebz.info\",\"isPartOf\":{\"@id\":\"http:\/\/vebz.info\/start\/#website\"},\"datePublished\":\"2018-09-26T15:49:24+00:00\",\"dateModified\":\"2024-03-19T07:14:21+00:00\",\"breadcrumb\":{\"@id\":\"http:\/\/vebz.info\/start\/#breadcrumb\"},\"inLanguage\":\"de\",\"potentialAction\":[{\"@type\":\"ReadAction\",\"target\":[\"http:\/\/vebz.info\/start\/\"]}]},{\"@type\":\"BreadcrumbList\",\"@id\":\"http:\/\/vebz.info\/start\/#breadcrumb\",\"itemListElement\":[{\"@type\":\"ListItem\",\"position\":1,\"name\":\"Startseite\",\"item\":\"http:\/\/vebz.info\/start\/\"},{\"@type\":\"ListItem\",\"position\":2,\"name\":\"Verein\"}]},{\"@type\":\"WebSite\",\"@id\":\"http:\/\/vebz.info\/start\/#website\",\"url\":\"http:\/\/vebz.info\/start\/\",\"name\":\"vebz.info\",\"description\":\"Verein der Evangelischen Bildungszentren im l\u00e4ndlichen Raum e.V.\",\"publisher\":{\"@id\":\"http:\/\/vebz.info\/start\/#organization\"},\"potentialAction\":[{\"@type\":\"SearchAction\",\"target\":{\"@type\":\"EntryPoint\",\"urlTemplate\":\"http:\/\/vebz.info\/start\/?s={search_term_string}\"},\"query-input\":{\"@type\":\"PropertyValueSpecification\",\"valueRequired\":true,\"valueName\":\"search_term_string\"}}],\"inLanguage\":\"de\"},{\"@type\":\"Organization\",\"@id\":\"http:\/\/vebz.info\/start\/#organization\",\"name\":\"Verein der evangelischen Bildungszentren im l\u00e4ndlichen Raum in Bayern e.V.\",\"url\":\"http:\/\/vebz.info\/start\/\",\"logo\":{\"@type\":\"ImageObject\",\"inLanguage\":\"de\",\"@id\":\"http:\/\/vebz.info\/start\/#\/schema\/logo\/image\/\",\"url\":\"http:\/\/vebz.info\/wp-content\/uploads\/2018\/07\/Logo_kleiner-1-2-Kopieg.jpg\",\"contentUrl\":\"http:\/\/vebz.info\/wp-content\/uploads\/2018\/07\/Logo_kleiner-1-2-Kopieg.jpg\",\"width\":380,\"height\":82,\"caption\":\"Verein der evangelischen Bildungszentren im l\u00e4ndlichen Raum in Bayern e.V.\"},\"image\":{\"@id\":\"http:\/\/vebz.info\/start\/#\/schema\/logo\/image\/\"}}]}<\/script>\n<!-- \/ Yoast SEO plugin. -->","yoast_head_json":{"title":"Verein - vebz.info","robots":{"index":"index","follow":"follow","max-snippet":"max-snippet:-1","max-image-preview":"max-image-preview:large","max-video-preview":"max-video-preview:-1"},"canonical":"http:\/\/vebz.info\/start\/","og_locale":"de_DE","og_type":"article","og_title":"Verein - vebz.info","og_description":"Verein der Evangelischen Bildungszentren im l\u00e4ndlichen Raum e.V.Das sind wir ... Ziel der Arbeit des \u201eVerein der Evangelischen Bildungszentren im l\u00e4ndlichen Raum in Bayern e.V.\u201c (i.F.: VdEBZ) ist die Begleitung l\u00e4ndlicher R\u00e4ume in Bayern in den Bereichen Erwachsenenbildung, Diakonie und Jugendarbeit aus evangelischer Perspektive. Unser Bildungsansatz hat seine Wurzeln in der Heimvolkshochschulp\u00e4dagogik des d\u00e4nischen Bildungsreformers [&hellip;]","og_url":"http:\/\/vebz.info\/start\/","og_site_name":"vebz.info","article_modified_time":"2024-03-19T07:14:21+00:00","twitter_card":"summary_large_image","twitter_misc":{"Gesch\u00e4tzte Lesezeit":"5\u00a0Minuten"},"schema":{"@context":"https:\/\/schema.org","@graph":[{"@type":"WebPage","@id":"http:\/\/vebz.info\/start\/","url":"http:\/\/vebz.info\/start\/","name":"Verein - vebz.info","isPartOf":{"@id":"http:\/\/vebz.info\/start\/#website"},"datePublished":"2018-09-26T15:49:24+00:00","dateModified":"2024-03-19T07:14:21+00:00","breadcrumb":{"@id":"http:\/\/vebz.info\/start\/#breadcrumb"},"inLanguage":"de","potentialAction":[{"@type":"ReadAction","target":["http:\/\/vebz.info\/start\/"]}]},{"@type":"BreadcrumbList","@id":"http:\/\/vebz.info\/start\/#breadcrumb","itemListElement":[{"@type":"ListItem","position":1,"name":"Startseite","item":"http:\/\/vebz.info\/start\/"},{"@type":"ListItem","position":2,"name":"Verein"}]},{"@type":"WebSite","@id":"http:\/\/vebz.info\/start\/#website","url":"http:\/\/vebz.info\/start\/","name":"vebz.info","description":"Verein der Evangelischen Bildungszentren im l\u00e4ndlichen Raum e.V.","publisher":{"@id":"http:\/\/vebz.info\/start\/#organization"},"potentialAction":[{"@type":"SearchAction","target":{"@type":"EntryPoint","urlTemplate":"http:\/\/vebz.info\/start\/?s={search_term_string}"},"query-input":{"@type":"PropertyValueSpecification","valueRequired":true,"valueName":"search_term_string"}}],"inLanguage":"de"},{"@type":"Organization","@id":"http:\/\/vebz.info\/start\/#organization","name":"Verein der evangelischen Bildungszentren im l\u00e4ndlichen Raum in Bayern e.V.","url":"http:\/\/vebz.info\/start\/","logo":{"@type":"ImageObject","inLanguage":"de","@id":"http:\/\/vebz.info\/start\/#\/schema\/logo\/image\/","url":"http:\/\/vebz.info\/wp-content\/uploads\/2018\/07\/Logo_kleiner-1-2-Kopieg.jpg","contentUrl":"http:\/\/vebz.info\/wp-content\/uploads\/2018\/07\/Logo_kleiner-1-2-Kopieg.jpg","width":380,"height":82,"caption":"Verein der evangelischen Bildungszentren im l\u00e4ndlichen Raum in Bayern e.V."},"image":{"@id":"http:\/\/vebz.info\/start\/#\/schema\/logo\/image\/"}}]}},"_links":{"self":[{"href":"http:\/\/vebz.info\/start\/wp-json\/wp\/v2\/pages\/980","targetHints":{"allow":["GET"]}}],"collection":[{"href":"http:\/\/vebz.info\/start\/wp-json\/wp\/v2\/pages"}],"about":[{"href":"http:\/\/vebz.info\/start\/wp-json\/wp\/v2\/types\/page"}],"author":[{"embeddable":true,"href":"http:\/\/vebz.info\/start\/wp-json\/wp\/v2\/users\/24783"}],"replies":[{"embeddable":true,"href":"http:\/\/vebz.info\/start\/wp-json\/wp\/v2\/comments?post=980"}],"version-history":[{"count":10,"href":"http:\/\/vebz.info\/start\/wp-json\/wp\/v2\/pages\/980\/revisions"}],"predecessor-version":[{"id":1590,"href":"http:\/\/vebz.info\/start\/wp-json\/wp\/v2\/pages\/980\/revisions\/1590"}],"wp:attachment":[{"href":"http:\/\/vebz.info\/start\/wp-json\/wp\/v2\/media?parent=980"}],"curies":[{"name":"wp","href":"https:\/\/api.w.org\/{rel}","templated":true}]}}